{"id":5702,"date":"2023-12-04T15:33:52","date_gmt":"2023-12-04T20:33:52","guid":{"rendered":"https:\/\/www.asprocnbt.org\/producto\/chocolate-con-leche-50-cacao\/"},"modified":"2023-12-12T10:08:52","modified_gmt":"2023-12-12T15:08:52","slug":"chocolate-con-leche-50-cacao","status":"publish","type":"product","link":"https:\/\/www.asprocnbt.org\/it\/producto\/chocolate-con-leche-50-cacao\/","title":{"rendered":"Cioccolato al latte 50% cacao"},"content":{"rendered":"","protected":false},"excerpt":{"rendered":"<p>Cioccolato al latte 50% cacao della marca Aroma NBT, prodotto nella Cooperativa Industriale Agraria ASPROC-NBT LTDA., con le migliori e pi\u00f9 pregiate fave di cacao della regione di San Mart\u00edn, passate attraverso un&#8217;analisi di fermentazione, umidit\u00e0, fisica e sensoriale prima della processo di trasformazione.<\/p>\n<p>Disponibile in una presentazione da 75 g. e 30 gr.<\/p>\n<p>Marca: Aroma NBT<\/p>\n<p>Ingredienti: Pasta di cacao, burro di cacao, zucchero e latte.<\/p>\n<p>Conservare in luogo fresco a 20\u00b0C e 65% UR, in un ambiente chiuso ed ermetico, al riparo dalla luce solare.<\/p>\n<p>Prodotto realizzato nella provincia di Tocache, San Mart\u00edn, Per\u00f9.<\/p>\n","protected":false},"featured_media":5703,"template":"","meta":{"_joinchat":[]},"product_brand":[],"product_cat":[149],"product_tag":[193,158,153,195],"class_list":{"0":"post-5702","1":"product","2":"type-product","3":"status-publish","4":"has-post-thumbnail","6":"product_cat-cioccolato-aroma","7":"product_tag-50-cacao-it","8":"product_tag-aroma-nbt-it","9":"product_tag-cioccolato-it","10":"product_tag-latte","11":"pa_marca-aroma-it","13":"first","14":"instock","15":"shipping-taxable","16":"product-type-simple"},"yoast_head":"<!-- This site is optimized with the Yoast SEO plugin v27.0 - https:\/\/yoast.com\/product\/yoast-seo-wordpress\/ -->\n<title>Cioccolato al latte 50% cacao - Cooperativa Agraria Industrial ASPROC-NBT<\/title>\n<meta name=\"robots\" content=\"index, follow, max-snippet:-1, max-image-preview:large, max-video-preview:-1\" \/>\n<link rel=\"canonical\" href=\"https:\/\/www.asprocnbt.org\/it\/producto\/chocolate-con-leche-50-cacao\/\" \/>\n<meta property=\"og:locale\" content=\"it_IT\" \/>\n<meta property=\"og:type\" content=\"article\" \/>\n<meta property=\"og:title\" content=\"Cioccolato al latte 50% cacao - Cooperativa Agraria Industrial ASPROC-NBT\" \/>\n<meta property=\"og:description\" content=\"Cioccolato al latte 50% cacao della marca Aroma NBT, prodotto nella Cooperativa Industriale Agraria ASPROC-NBT LTDA., con le migliori e pi\u00f9 pregiate fave di cacao della regione di San Mart\u00edn, passate attraverso un&#039;analisi di fermentazione, umidit\u00e0, fisica e sensoriale prima della processo di trasformazione.  Disponibile in una presentazione da 75 g. e 30 gr.  Marca: Aroma NBT  Ingredienti: Pasta di cacao, burro di cacao, zucchero e latte.  Conservare in luogo fresco a 20\u00b0C e 65% UR, in un ambiente chiuso ed ermetico, al riparo dalla luce solare.  Prodotto realizzato nella provincia di Tocache, San Mart\u00edn, Per\u00f9.\" \/>\n<meta property=\"og:url\" content=\"https:\/\/www.asprocnbt.org\/it\/producto\/chocolate-con-leche-50-cacao\/\" \/>\n<meta property=\"og:site_name\" content=\"Cooperativa Agraria Industrial ASPROC-NBT\" \/>\n<meta property=\"article:modified_time\" content=\"2023-12-12T15:08:52+00:00\" \/>\n<meta property=\"og:image\" content=\"https:\/\/www.asprocnbt.org\/wp-content\/uploads\/2023\/12\/Aroma-Chocolate-con-leche-ASPROC-NBT.jpg\" \/>\n\t<meta property=\"og:image:width\" content=\"800\" \/>\n\t<meta property=\"og:image:height\" content=\"800\" \/>\n\t<meta property=\"og:image:type\" content=\"image\/jpeg\" \/>\n<meta name=\"twitter:card\" content=\"summary_large_image\" \/>\n<script type=\"application\/ld+json\" class=\"yoast-schema-graph\">{\"@context\":\"https:\/\/schema.org\",\"@graph\":[{\"@type\":\"WebPage\",\"@id\":\"https:\/\/www.asprocnbt.org\/it\/producto\/chocolate-con-leche-50-cacao\/\",\"url\":\"https:\/\/www.asprocnbt.org\/it\/producto\/chocolate-con-leche-50-cacao\/\",\"name\":\"Cioccolato al latte 50% cacao - Cooperativa Agraria Industrial ASPROC-NBT\",\"isPartOf\":{\"@id\":\"https:\/\/www.asprocnbt.org\/#website\"},\"primaryImageOfPage\":{\"@id\":\"https:\/\/www.asprocnbt.org\/it\/producto\/chocolate-con-leche-50-cacao\/#primaryimage\"},\"image\":{\"@id\":\"https:\/\/www.asprocnbt.org\/it\/producto\/chocolate-con-leche-50-cacao\/#primaryimage\"},\"thumbnailUrl\":\"https:\/\/www.asprocnbt.org\/wp-content\/uploads\/2023\/12\/Aroma-Chocolate-con-leche-ASPROC-NBT.jpg\",\"datePublished\":\"2023-12-04T20:33:52+00:00\",\"dateModified\":\"2023-12-12T15:08:52+00:00\",\"breadcrumb\":{\"@id\":\"https:\/\/www.asprocnbt.org\/it\/producto\/chocolate-con-leche-50-cacao\/#breadcrumb\"},\"inLanguage\":\"it-IT\",\"potentialAction\":[{\"@type\":\"ReadAction\",\"target\":[\"https:\/\/www.asprocnbt.org\/it\/producto\/chocolate-con-leche-50-cacao\/\"]}]},{\"@type\":\"ImageObject\",\"inLanguage\":\"it-IT\",\"@id\":\"https:\/\/www.asprocnbt.org\/it\/producto\/chocolate-con-leche-50-cacao\/#primaryimage\",\"url\":\"https:\/\/www.asprocnbt.org\/wp-content\/uploads\/2023\/12\/Aroma-Chocolate-con-leche-ASPROC-NBT.jpg\",\"contentUrl\":\"https:\/\/www.asprocnbt.org\/wp-content\/uploads\/2023\/12\/Aroma-Chocolate-con-leche-ASPROC-NBT.jpg\",\"width\":800,\"height\":800,\"caption\":\"Aroma Cioccolato al latte - ASPROC-NBT\"},{\"@type\":\"BreadcrumbList\",\"@id\":\"https:\/\/www.asprocnbt.org\/it\/producto\/chocolate-con-leche-50-cacao\/#breadcrumb\",\"itemListElement\":[{\"@type\":\"ListItem\",\"position\":1,\"name\":\"Portada\",\"item\":\"https:\/\/www.asprocnbt.org\/it\/\"},{\"@type\":\"ListItem\",\"position\":2,\"name\":\"Prodotti\",\"item\":\"https:\/\/www.asprocnbt.org\/it\/prodotti\/\"},{\"@type\":\"ListItem\",\"position\":3,\"name\":\"Cioccolato al latte 50% cacao\"}]},{\"@type\":\"WebSite\",\"@id\":\"https:\/\/www.asprocnbt.org\/#website\",\"url\":\"https:\/\/www.asprocnbt.org\/\",\"name\":\"Cooperativa Agraria Industrial ASPROC-NBT\",\"description\":\"Cooperativa Agraria Industrial ASPROC-NBT - Nuevo Bambamarca Tocache\",\"potentialAction\":[{\"@type\":\"SearchAction\",\"target\":{\"@type\":\"EntryPoint\",\"urlTemplate\":\"https:\/\/www.asprocnbt.org\/?s={search_term_string}\"},\"query-input\":{\"@type\":\"PropertyValueSpecification\",\"valueRequired\":true,\"valueName\":\"search_term_string\"}}],\"inLanguage\":\"it-IT\"}]}<\/script>\n<!-- \/ Yoast SEO plugin. -->","yoast_head_json":{"title":"Cioccolato al latte 50% cacao - Cooperativa Agraria Industrial ASPROC-NBT","robots":{"index":"index","follow":"follow","max-snippet":"max-snippet:-1","max-image-preview":"max-image-preview:large","max-video-preview":"max-video-preview:-1"},"canonical":"https:\/\/www.asprocnbt.org\/it\/producto\/chocolate-con-leche-50-cacao\/","og_locale":"it_IT","og_type":"article","og_title":"Cioccolato al latte 50% cacao - Cooperativa Agraria Industrial ASPROC-NBT","og_description":"Cioccolato al latte 50% cacao della marca Aroma NBT, prodotto nella Cooperativa Industriale Agraria ASPROC-NBT LTDA., con le migliori e pi\u00f9 pregiate fave di cacao della regione di San Mart\u00edn, passate attraverso un'analisi di fermentazione, umidit\u00e0, fisica e sensoriale prima della processo di trasformazione.  Disponibile in una presentazione da 75 g. e 30 gr.  Marca: Aroma NBT  Ingredienti: Pasta di cacao, burro di cacao, zucchero e latte.  Conservare in luogo fresco a 20\u00b0C e 65% UR, in un ambiente chiuso ed ermetico, al riparo dalla luce solare.  Prodotto realizzato nella provincia di Tocache, San Mart\u00edn, Per\u00f9.","og_url":"https:\/\/www.asprocnbt.org\/it\/producto\/chocolate-con-leche-50-cacao\/","og_site_name":"Cooperativa Agraria Industrial ASPROC-NBT","article_modified_time":"2023-12-12T15:08:52+00:00","og_image":[{"width":800,"height":800,"url":"https:\/\/www.asprocnbt.org\/wp-content\/uploads\/2023\/12\/Aroma-Chocolate-con-leche-ASPROC-NBT.jpg","type":"image\/jpeg"}],"twitter_card":"summary_large_image","schema":{"@context":"https:\/\/schema.org","@graph":[{"@type":"WebPage","@id":"https:\/\/www.asprocnbt.org\/it\/producto\/chocolate-con-leche-50-cacao\/","url":"https:\/\/www.asprocnbt.org\/it\/producto\/chocolate-con-leche-50-cacao\/","name":"Cioccolato al latte 50% cacao - Cooperativa Agraria Industrial ASPROC-NBT","isPartOf":{"@id":"https:\/\/www.asprocnbt.org\/#website"},"primaryImageOfPage":{"@id":"https:\/\/www.asprocnbt.org\/it\/producto\/chocolate-con-leche-50-cacao\/#primaryimage"},"image":{"@id":"https:\/\/www.asprocnbt.org\/it\/producto\/chocolate-con-leche-50-cacao\/#primaryimage"},"thumbnailUrl":"https:\/\/www.asprocnbt.org\/wp-content\/uploads\/2023\/12\/Aroma-Chocolate-con-leche-ASPROC-NBT.jpg","datePublished":"2023-12-04T20:33:52+00:00","dateModified":"2023-12-12T15:08:52+00:00","breadcrumb":{"@id":"https:\/\/www.asprocnbt.org\/it\/producto\/chocolate-con-leche-50-cacao\/#breadcrumb"},"inLanguage":"it-IT","potentialAction":[{"@type":"ReadAction","target":["https:\/\/www.asprocnbt.org\/it\/producto\/chocolate-con-leche-50-cacao\/"]}]},{"@type":"ImageObject","inLanguage":"it-IT","@id":"https:\/\/www.asprocnbt.org\/it\/producto\/chocolate-con-leche-50-cacao\/#primaryimage","url":"https:\/\/www.asprocnbt.org\/wp-content\/uploads\/2023\/12\/Aroma-Chocolate-con-leche-ASPROC-NBT.jpg","contentUrl":"https:\/\/www.asprocnbt.org\/wp-content\/uploads\/2023\/12\/Aroma-Chocolate-con-leche-ASPROC-NBT.jpg","width":800,"height":800,"caption":"Aroma Cioccolato al latte - ASPROC-NBT"},{"@type":"BreadcrumbList","@id":"https:\/\/www.asprocnbt.org\/it\/producto\/chocolate-con-leche-50-cacao\/#breadcrumb","itemListElement":[{"@type":"ListItem","position":1,"name":"Portada","item":"https:\/\/www.asprocnbt.org\/it\/"},{"@type":"ListItem","position":2,"name":"Prodotti","item":"https:\/\/www.asprocnbt.org\/it\/prodotti\/"},{"@type":"ListItem","position":3,"name":"Cioccolato al latte 50% cacao"}]},{"@type":"WebSite","@id":"https:\/\/www.asprocnbt.org\/#website","url":"https:\/\/www.asprocnbt.org\/","name":"Cooperativa Agraria Industrial ASPROC-NBT","description":"Cooperativa Agraria Industrial ASPROC-NBT - Nuevo Bambamarca Tocache","potentialAction":[{"@type":"SearchAction","target":{"@type":"EntryPoint","urlTemplate":"https:\/\/www.asprocnbt.org\/?s={search_term_string}"},"query-input":{"@type":"PropertyValueSpecification","valueRequired":true,"valueName":"search_term_string"}}],"inLanguage":"it-IT"}]}},"_links":{"self":[{"href":"https:\/\/www.asprocnbt.org\/it\/wp-json\/wp\/v2\/product\/5702","targetHints":{"allow":["GET"]}}],"collection":[{"href":"https:\/\/www.asprocnbt.org\/it\/wp-json\/wp\/v2\/product"}],"about":[{"href":"https:\/\/www.asprocnbt.org\/it\/wp-json\/wp\/v2\/types\/product"}],"wp:featuredmedia":[{"embeddable":true,"href":"https:\/\/www.asprocnbt.org\/it\/wp-json\/wp\/v2\/media\/5703"}],"wp:attachment":[{"href":"https:\/\/www.asprocnbt.org\/it\/wp-json\/wp\/v2\/media?parent=5702"}],"wp:term":[{"taxonomy":"product_brand","embeddable":true,"href":"https:\/\/www.asprocnbt.org\/it\/wp-json\/wp\/v2\/product_brand?post=5702"},{"taxonomy":"product_cat","embeddable":true,"href":"https:\/\/www.asprocnbt.org\/it\/wp-json\/wp\/v2\/product_cat?post=5702"},{"taxonomy":"product_tag","embeddable":true,"href":"https:\/\/www.asprocnbt.org\/it\/wp-json\/wp\/v2\/product_tag?post=5702"}],"curies":[{"name":"wp","href":"https:\/\/api.w.org\/{rel}","templated":true}]}}